{"id":14495,"date":"2014-03-28T11:27:19","date_gmt":"2014-03-28T11:27:19","guid":{"rendered":"http:\/\/demo.qodeinteractive.com\/bridge26\/?page_id=14495"},"modified":"2021-04-08T00:28:09","modified_gmt":"2021-04-07T23:28:09","slug":"leistungen","status":"publish","type":"page","link":"https:\/\/www.pocketweb.com\/de\/leistungen","title":{"rendered":"Was"},"content":{"rendered":"<p>[vc_row css_animation=&#8220;&#8220; row_type=&#8220;row&#8220; use_row_as_full_screen_section=&#8220;yes&#8220; type=&#8220;full_width&#8220; angled_section=&#8220;no&#8220; text_align=&#8220;left&#8220; background_image=&#8220;18007&#8243; background_image_as_pattern=&#8220;without_pattern&#8220; background_color=&#8220;#0a0a0a&#8220; side_padding=&#8220;0&#8243; el_class=&#8220;pw_hero_autosize&#8220; css=&#8220;.vc_custom_1487604761544{margin-right: 0px !important;margin-left: 0px !important;padding-right: 0px !important;padding-left: 0px !important;}&#8220;][vc_column el_class=&#8220;typeContainer&#8220; css=&#8220;.vc_custom_1483036454856{margin-right: 0px !important;margin-left: 0px !important;padding-right: 0px !important;padding-left: 0px !important;}&#8220;][vc_column_text el_class=&#8220;noTypeDark&#8220;]<\/p>\n<h1>Unsere <span style=\"color: #98fc31;\">mobile Kompetenz<\/span> ist der rote Faden: beginnend bei der Gestaltung und Konzeption, \u00fcber die <span class=\"s1\"><b><span style=\"color: #24ccfc;\">Technologiewahl <\/span><\/b><\/span>und Programmierung bis hin zur Wartung und Weiterentwicklung\u00a0nach dem Launch.<\/h1>\n<h1>Sprechen Sie uns an auf:<\/h1>\n<h1><span class=\"s1\"><span style=\"color: #808080;\">App Entwicklung:<\/span> <b>iOS \/ Android \/ native \/ hybrid\u00a0\/ <span style=\"color: #24ccfc;\">ionic<\/span> \/ React native<\/b><\/span><span class=\"s1\"><b><br \/>\n<\/b><\/span><\/h1>\n<h1 class=\"p2\"><span class=\"s1\" style=\"color: #808080;\"><b>Web-Anwendungen:\u00a0<\/b><\/span><span class=\"s1\"><b>responsive \/ <span style=\"color: #98fc31;\">angular.js<\/span> \/ <\/b><\/span><span class=\"s2\" style=\"color: #24ccfc;\"><b>React<\/b><\/span><span class=\"s1\"><b> \/ Bootstrap \/ CMS<\/b><\/span><\/h1>\n<h1 class=\"p2\"><span class=\"s1\" style=\"color: #808080;\"><b>APIs:\u00a0<\/b><\/span><span class=\"s1\"><b>JSON \/ REST \/ SOAP \/ XML<\/b><\/span><\/h1>\n<h1 class=\"p2\"><span class=\"s1\"><b><span style=\"color: #808080;\">Backend Entwicklung:<\/span>\u00a0<\/b><\/span><span class=\"s1\"><b>high performance \/\u00a0scalable architectures \/ <\/b><\/span><span class=\"s2\" style=\"color: #98fc31;\"><b>security standards<\/b><\/span><\/h1>\n<h1 class=\"p2\"><span class=\"s1\"><b><span style=\"color: #808080;\">Cloud Hosting:<\/span>\u00a0<\/b><\/span><span class=\"s1\"><b>S3 \/ EC2 \/ CDNs \/ Load Balancing<\/b><\/span><\/h1>\n<h1 class=\"p2\"><span class=\"s1\"><b><span style=\"color: #808080;\">Betrieb:<\/span>\u00a0<\/b><\/span><span class=\"s1\"><b>Hosting \/ Operations \/ Support \/ Maintenance \/ Back-up\u00a0 \/ Monitoring<\/b><\/span><\/h1>\n<h1 class=\"p2\"><span class=\"s1\" style=\"color: #808080;\"><b>Methoden:\u00a0<\/b><\/span><span class=\"s1\"><b>Test-Driven-Development \/ <span style=\"color: #24ccfc;\">SCRUM<\/span> \/ Agile Development \/ TQM<\/b><\/span><\/h1>\n<h1 class=\"p2\"><span class=\"s1\"><b><span style=\"color: #808080;\">Fachlich:<\/span>\u00a0<\/b><\/span><span class=\"s1\"><b>UI-Design \/ User Experience \/ Konzeption \/\u00a0Projektmanagement \/ Community\u00a0Management \/ Release-Planung \/ Roadmap<\/b><\/span><\/h1>\n<p>[\/vc_column_text][\/vc_column][\/vc_row][vc_row css_animation=&#8220;&#8220; row_type=&#8220;row&#8220; use_row_as_full_screen_section=&#8220;no&#8220; type=&#8220;full_width&#8220; angled_section=&#8220;no&#8220; text_align=&#8220;left&#8220; background_image=&#8220;17670&#8243; background_image_as_pattern=&#8220;without_pattern&#8220; side_padding=&#8220;0&#8243; css=&#8220;.vc_custom_1487347626254{margin-right: 0px !important;margin-left: 0px !important;padding-right: 0px !important;padding-left: 0px !important;}&#8220; el_class=&#8220;addToFooter&#8220;][vc_column css=&#8220;.vc_custom_1483534499075{margin-right: 0px !important;margin-left: 0px !important;padding-right: 0px !important;padding-left: 0px !important;}&#8220; el_class=&#8220;h1Container&#8220;][vc_column_text css=&#8220;.vc_custom_1513689560786{margin-top: 60px !important;margin-right: 0px !important;margin-bottom: 60px !important;margin-left: 0px !important;padding-top: 0px !important;padding-right: 0px !important;padding-left: 0px !important;}&#8220;]<\/p>\n<h1 style=\"text-align: center;\"><strong><span style=\"font-family: Karla, sans-serif;\"><span style=\"color: #ffffff;\">Kontaktieren Sie uns<\/span><\/span><\/strong><strong><span style=\"font-family: Karla, sans-serif;\"><span style=\"color: #ffffff;\">:<\/span> <a href=\"mailto:loslegen@pocketweb.de\"><span style=\"color: #98fc31;\">loslegen@pocketweb.de<\/span><\/a><\/span><\/strong><\/h1>\n<p>[\/vc_column_text][\/vc_column][\/vc_row]<\/p>","protected":false},"excerpt":{"rendered":"<p>[vc_row css_animation=&#8220;&#8220; row_type=&#8220;row&#8220; use_row_as_full_screen_section=&#8220;yes&#8220; type=&#8220;full_width&#8220; angled_section=&#8220;no&#8220; text_align=&#8220;left&#8220; background_image=&#8220;18007&#8243; background_image_as_pattern=&#8220;without_pattern&#8220; background_color=&#8220;#0a0a0a&#8220; side_padding=&#8220;0&#8243; el_class=&#8220;pw_hero_autosize&#8220; css=&#8220;.vc_custom_1487604761544{margin-right: 0px !important;margin-left: 0px !important;padding-right: 0px !important;padding-left: 0px !important;}&#8220;][vc_column el_class=&#8220;typeContainer&#8220; css=&#8220;.vc_custom_1483036454856{margin-right: 0px !important;margin-left: 0px !important;padding-right: 0px !important;padding-left: 0px !important;}&#8220;][vc_column_text el_class=&#8220;noTypeDark&#8220;] Unsere mobile Kompetenz ist der rote Faden: beginnend bei der Gestaltung und Konzeption,&#8230;<\/p>\n","protected":false},"author":1,"featured_media":0,"parent":0,"menu_order":0,"comment_status":"open","ping_status":"closed","template":"full_width.php","meta":[],"yoast_head":"<!-- This site is optimized with the Yoast SEO plugin v16.1.1 - https:\/\/yoast.com\/wordpress\/plugins\/seo\/ -->\n<title>Unsere Leistungen f\u00fcr erfolgreiche Apps.<\/title>\n<meta name=\"description\" content=\"Leistungen von Pocketweb umfassen Konzeption, Design, Entwicklung und Betrieb von Apps und server-basierter L\u00f6sungen f\u00fcr iOS-Ger\u00e4te, Android-Ger\u00e4te und Web.\" \/>\n<link rel=\"canonical\" href=\"https:\/\/www.pocketweb.com\/leistungen\" \/>\n<meta property=\"og:locale\" content=\"de_DE\" \/>\n<meta property=\"og:type\" content=\"article\" \/>\n<meta property=\"og:title\" content=\"Unsere Leistungen f\u00fcr erfolgreiche Apps.\" \/>\n<meta property=\"og:description\" content=\"Leistungen von Pocketweb umfassen Konzeption, Design, Entwicklung und Betrieb von Apps und server-basierter L\u00f6sungen f\u00fcr iOS-Ger\u00e4te, Android-Ger\u00e4te und Web.\" \/>\n<meta property=\"og:url\" content=\"https:\/\/www.pocketweb.com\/leistungen\" \/>\n<meta property=\"og:site_name\" content=\"Pocketweb\" \/>\n<meta property=\"article:publisher\" content=\"http:\/\/www.facebook.com\/pages\/Pocketweb\/112679875426520?ref=mf\" \/>\n<meta property=\"article:modified_time\" content=\"2021-04-07T23:28:09+00:00\" \/>\n<meta name=\"twitter:label1\" content=\"Gesch\u00e4tzte Lesezeit\">\n\t<meta name=\"twitter:data1\" content=\"1\u00a0Minute\">\n<script type=\"application\/ld+json\" class=\"yoast-schema-graph\">{\"@context\":\"https:\/\/schema.org\",\"@graph\":[{\"@type\":\"Organization\",\"@id\":\"https:\/\/www.pocketweb.com\/#organization\",\"name\":\"Pocketweb GmbH\",\"url\":\"https:\/\/www.pocketweb.com\/\",\"sameAs\":[\"http:\/\/www.facebook.com\/pages\/Pocketweb\/112679875426520?ref=mf\",\"https:\/\/twitter.com\/pocketweb_tweet\"],\"logo\":{\"@type\":\"ImageObject\",\"@id\":\"https:\/\/www.pocketweb.com\/#logo\",\"inLanguage\":\"de\",\"url\":\"https:\/\/www.pocketweb.com\/wp-content\/uploads\/2014\/07\/pocketweb-logo-72dpi.jpg\",\"contentUrl\":\"https:\/\/www.pocketweb.com\/wp-content\/uploads\/2014\/07\/pocketweb-logo-72dpi.jpg\",\"width\":169,\"height\":33,\"caption\":\"Pocketweb GmbH\"},\"image\":{\"@id\":\"https:\/\/www.pocketweb.com\/#logo\"}},{\"@type\":\"WebSite\",\"@id\":\"https:\/\/www.pocketweb.com\/#website\",\"url\":\"https:\/\/www.pocketweb.com\/\",\"name\":\"Pocketweb\",\"description\":\"App Entwicklung\",\"publisher\":{\"@id\":\"https:\/\/www.pocketweb.com\/#organization\"},\"potentialAction\":[{\"@type\":\"SearchAction\",\"target\":\"https:\/\/www.pocketweb.com\/?s={search_term_string}\",\"query-input\":\"required name=search_term_string\"}],\"inLanguage\":\"de\"},{\"@type\":\"WebPage\",\"@id\":\"https:\/\/www.pocketweb.com\/leistungen#webpage\",\"url\":\"https:\/\/www.pocketweb.com\/leistungen\",\"name\":\"Unsere Leistungen f\\u00fcr erfolgreiche Apps.\",\"isPartOf\":{\"@id\":\"https:\/\/www.pocketweb.com\/#website\"},\"datePublished\":\"2014-03-28T11:27:19+00:00\",\"dateModified\":\"2021-04-07T23:28:09+00:00\",\"description\":\"Leistungen von Pocketweb umfassen Konzeption, Design, Entwicklung und Betrieb von Apps und server-basierter L\\u00f6sungen f\\u00fcr iOS-Ger\\u00e4te, Android-Ger\\u00e4te und Web.\",\"breadcrumb\":{\"@id\":\"https:\/\/www.pocketweb.com\/leistungen#breadcrumb\"},\"inLanguage\":\"de\",\"potentialAction\":[{\"@type\":\"ReadAction\",\"target\":[\"https:\/\/www.pocketweb.com\/leistungen\"]}]},{\"@type\":\"BreadcrumbList\",\"@id\":\"https:\/\/www.pocketweb.com\/leistungen#breadcrumb\",\"itemListElement\":[{\"@type\":\"ListItem\",\"position\":1,\"item\":{\"@type\":\"WebPage\",\"@id\":\"https:\/\/www.pocketweb.com\/\",\"url\":\"https:\/\/www.pocketweb.com\/\",\"name\":\"Home\"}},{\"@type\":\"ListItem\",\"position\":2,\"item\":{\"@type\":\"WebPage\",\"@id\":\"https:\/\/www.pocketweb.com\/leistungen\",\"url\":\"https:\/\/www.pocketweb.com\/leistungen\",\"name\":\"Was\"}}]}]}<\/script>\n<!-- \/ Yoast SEO plugin. -->","_links":{"self":[{"href":"https:\/\/www.pocketweb.com\/de\/wp-json\/wp\/v2\/pages\/14495"}],"collection":[{"href":"https:\/\/www.pocketweb.com\/de\/wp-json\/wp\/v2\/pages"}],"about":[{"href":"https:\/\/www.pocketweb.com\/de\/wp-json\/wp\/v2\/types\/page"}],"author":[{"embeddable":true,"href":"https:\/\/www.pocketweb.com\/de\/wp-json\/wp\/v2\/users\/1"}],"replies":[{"embeddable":true,"href":"https:\/\/www.pocketweb.com\/de\/wp-json\/wp\/v2\/comments?post=14495"}],"version-history":[{"count":71,"href":"https:\/\/www.pocketweb.com\/de\/wp-json\/wp\/v2\/pages\/14495\/revisions"}],"predecessor-version":[{"id":18786,"href":"https:\/\/www.pocketweb.com\/de\/wp-json\/wp\/v2\/pages\/14495\/revisions\/18786"}],"wp:attachment":[{"href":"https:\/\/www.pocketweb.com\/de\/wp-json\/wp\/v2\/media?parent=14495"}],"curies":[{"name":"wp","href":"https:\/\/api.w.org\/{rel}","templated":true}]}}