{"id":15359,"date":"2014-05-05T11:29:07","date_gmt":"2014-05-05T11:29:07","guid":{"rendered":"http:\/\/demo.qodeinteractive.com\/bridge26\/?page_id=15284"},"modified":"2021-04-08T01:20:52","modified_gmt":"2021-04-08T00:20:52","slug":"agentur","status":"publish","type":"page","link":"https:\/\/www.pocketweb.com\/de\/agentur","title":{"rendered":"Wir"},"content":{"rendered":"<p>[vc_row css_animation=&#8220;&#8220; row_type=&#8220;row&#8220; use_row_as_full_screen_section=&#8220;yes&#8220; type=&#8220;full_width&#8220; angled_section=&#8220;no&#8220; text_align=&#8220;left&#8220; background_image=&#8220;18004&#8243; background_image_as_pattern=&#8220;without_pattern&#8220; background_color=&#8220;#0a0a0a&#8220; side_padding=&#8220;0&#8243; el_class=&#8220;pw_hero_autosize&#8220; css=&#8220;.vc_custom_1487604248459{margin-right: 0px !important;margin-left: 0px !important;padding-right: 0px !important;padding-left: 0px !important;}&#8220;][vc_column el_class=&#8220;typeContainer&#8220; css=&#8220;.vc_custom_1483036454856{margin-right: 0px !important;margin-left: 0px !important;padding-right: 0px !important;padding-left: 0px !important;}&#8220;][vc_column_text el_class=&#8220;noTypeDark&#8220;]<\/p>\n<h1>Die Agentur PocketWeb wurde 2008 von erfahrenen Entwicklern gegr\u00fcndet.<\/h1>\n<h1><span style=\"color: #868686;\">Unsere Kunden reichen von Start-ups \u00fcber den <span style=\"color: #24ccfc;\">gro\u00dfen Mittelstand<\/span> bis hin zu Gro\u00dfunternehmen und f\u00fchrenden Kreativagenturen.<\/span><\/h1>\n<h1>PocketWeb deckt\u00a0sowohl Frontend- als auch Backend-Entwicklung f\u00fcr unterschiedlichste Industrie-Anforderungen ab.<\/h1>\n<h1><span style=\"color: #868686;\">Wir entsprechen Qualit\u00e4tsstandards f\u00fcr <span style=\"color: #24ccfc;\">Fachanwendungen<\/span> und professionellen Betrieb, national und international.<\/span><\/h1>\n<h1>Durch methodisches Arbeiten und ma\u00dfgeschneiderte Services stellen wir den Erfolg von der Anforderungs-Definition bis zum produktiven Einsatz sicher.<\/h1>\n<h1><span style=\"color: #868686;\">Mit spezialisierten Designern gestalten wir Apps und responsive Webl\u00f6sungen, die von der <span style=\"color: #98fc31;\">Generation Mobile<\/span> verstanden und genutzt werden. <\/span><\/h1>\n<h1>Auszeichnungen und Preise wie der \u201eGlobal Innovators Award\u201c oder die \u201eSatellite Competition der ESA\u201c sind unser Ansporn.<\/h1>\n<h1><span style=\"color: #868686;\">\u00a0<\/span><\/h1>\n<p>[\/vc_column_text][\/vc_column][\/vc_row][vc_row css_animation=&#8220;&#8220; row_type=&#8220;row&#8220; use_row_as_full_screen_section=&#8220;no&#8220; type=&#8220;full_width&#8220; angled_section=&#8220;no&#8220; text_align=&#8220;left&#8220; background_image_as_pattern=&#8220;without_pattern&#8220;][vc_column][vc_column_text]<\/p>\n<p>[\/vc_column_text][\/vc_column][\/vc_row][vc_row css_animation=&#8220;&#8220; row_type=&#8220;row&#8220; use_row_as_full_screen_section=&#8220;no&#8220; type=&#8220;full_width&#8220; angled_section=&#8220;no&#8220; text_align=&#8220;left&#8220; background_image_as_pattern=&#8220;without_pattern&#8220;][vc_column][vc_column_text]<\/p>\n<p>[\/vc_column_text][\/vc_column][\/vc_row][vc_row css_animation=&#8220;&#8220; row_type=&#8220;row&#8220; use_row_as_full_screen_section=&#8220;no&#8220; type=&#8220;full_width&#8220; angled_section=&#8220;no&#8220; text_align=&#8220;left&#8220; background_image=&#8220;17670&#8243; background_image_as_pattern=&#8220;without_pattern&#8220; side_padding=&#8220;0&#8243; css=&#8220;.vc_custom_1487347626254{margin-right: 0px !important;margin-left: 0px !important;padding-right: 0px !important;padding-left: 0px !important;}&#8220; el_class=&#8220;addToFooter&#8220;][vc_column css=&#8220;.vc_custom_1483534499075{margin-right: 0px !important;margin-left: 0px !important;padding-right: 0px !important;padding-left: 0px !important;}&#8220; el_class=&#8220;h1Container&#8220;][vc_column_text css=&#8220;.vc_custom_1617841228969{margin-top: 60px !important;margin-right: 0px !important;margin-bottom: 60px !important;margin-left: 0px !important;padding-top: 0px !important;padding-right: 0px !important;padding-left: 0px !important;}&#8220;]<\/p>\n<h1 style=\"text-align: center;\"><strong><span style=\"font-family: Karla, sans-serif;\"><span style=\"color: #ffffff;\">Rufen Sie uns an:<\/span>\u00a0<span style=\"color: #24ccfc;\"><a style=\"text-decoration: none; color: #24ccfc!important;\" href=\"tel:+642102394396\">+64 2102 394 396<br \/>\n<\/a><\/span><\/span><\/strong><strong><span style=\"font-family: Karla, sans-serif;\"><span style=\"color: #ffffff;\">oder:<\/span> <a href=\"mailto:letsstart@pocketweb.com\"><span style=\"color: #98fc31;\">letsstart@pocketweb.com<\/span><\/a><\/span><\/strong><\/h1>\n<p>[\/vc_column_text][\/vc_column][\/vc_row]<\/p>","protected":false},"excerpt":{"rendered":"<p>[vc_row css_animation=&#8220;&#8220; row_type=&#8220;row&#8220; use_row_as_full_screen_section=&#8220;yes&#8220; type=&#8220;full_width&#8220; angled_section=&#8220;no&#8220; text_align=&#8220;left&#8220; background_image=&#8220;18004&#8243; background_image_as_pattern=&#8220;without_pattern&#8220; background_color=&#8220;#0a0a0a&#8220; side_padding=&#8220;0&#8243; el_class=&#8220;pw_hero_autosize&#8220; css=&#8220;.vc_custom_1487604248459{margin-right: 0px !important;margin-left: 0px !important;padding-right: 0px !important;padding-left: 0px !important;}&#8220;][vc_column el_class=&#8220;typeContainer&#8220; css=&#8220;.vc_custom_1483036454856{margin-right: 0px !important;margin-left: 0px !important;padding-right: 0px !important;padding-left: 0px !important;}&#8220;][vc_column_text el_class=&#8220;noTypeDark&#8220;] Die Agentur PocketWeb wurde 2008 von erfahrenen Entwicklern gegr\u00fcndet. Unsere Kunden reichen von&#8230;<\/p>\n","protected":false},"author":1,"featured_media":0,"parent":0,"menu_order":0,"comment_status":"open","ping_status":"open","template":"full_width.php","meta":[],"yoast_head":"<!-- This site is optimized with the Yoast SEO plugin v16.1.1 - https:\/\/yoast.com\/wordpress\/plugins\/seo\/ -->\n<title>Agentur f\u00fcr App Programmierung<\/title>\n<meta name=\"description\" content=\"Die mehrfach ausgezeichnete Agentur in Berlin f\u00fcr f\u00fchrende mobile L\u00f6sungen und Location Based Services. Profitieren Sie von unseren zahlreichen Erfahrungen.\" \/>\n<link rel=\"canonical\" href=\"https:\/\/www.pocketweb.com\/agentur\" \/>\n<meta property=\"og:locale\" content=\"de_DE\" \/>\n<meta property=\"og:type\" content=\"article\" \/>\n<meta property=\"og:title\" content=\"Agentur f\u00fcr App Programmierung\" \/>\n<meta property=\"og:description\" content=\"Die mehrfach ausgezeichnete Agentur in Berlin f\u00fcr f\u00fchrende mobile L\u00f6sungen und Location Based Services. Profitieren Sie von unseren zahlreichen Erfahrungen.\" \/>\n<meta property=\"og:url\" content=\"https:\/\/www.pocketweb.com\/agentur\" \/>\n<meta property=\"og:site_name\" content=\"Pocketweb\" \/>\n<meta property=\"article:publisher\" content=\"http:\/\/www.facebook.com\/pages\/Pocketweb\/112679875426520?ref=mf\" \/>\n<meta property=\"article:modified_time\" content=\"2021-04-08T00:20:52+00:00\" \/>\n<meta name=\"twitter:label1\" content=\"Gesch\u00e4tzte Lesezeit\">\n\t<meta name=\"twitter:data1\" content=\"1\u00a0Minute\">\n<script type=\"application\/ld+json\" class=\"yoast-schema-graph\">{\"@context\":\"https:\/\/schema.org\",\"@graph\":[{\"@type\":\"Organization\",\"@id\":\"https:\/\/www.pocketweb.com\/#organization\",\"name\":\"Pocketweb GmbH\",\"url\":\"https:\/\/www.pocketweb.com\/\",\"sameAs\":[\"http:\/\/www.facebook.com\/pages\/Pocketweb\/112679875426520?ref=mf\",\"https:\/\/twitter.com\/pocketweb_tweet\"],\"logo\":{\"@type\":\"ImageObject\",\"@id\":\"https:\/\/www.pocketweb.com\/#logo\",\"inLanguage\":\"de\",\"url\":\"https:\/\/www.pocketweb.com\/wp-content\/uploads\/2014\/07\/pocketweb-logo-72dpi.jpg\",\"contentUrl\":\"https:\/\/www.pocketweb.com\/wp-content\/uploads\/2014\/07\/pocketweb-logo-72dpi.jpg\",\"width\":169,\"height\":33,\"caption\":\"Pocketweb GmbH\"},\"image\":{\"@id\":\"https:\/\/www.pocketweb.com\/#logo\"}},{\"@type\":\"WebSite\",\"@id\":\"https:\/\/www.pocketweb.com\/#website\",\"url\":\"https:\/\/www.pocketweb.com\/\",\"name\":\"Pocketweb\",\"description\":\"App Entwicklung\",\"publisher\":{\"@id\":\"https:\/\/www.pocketweb.com\/#organization\"},\"potentialAction\":[{\"@type\":\"SearchAction\",\"target\":\"https:\/\/www.pocketweb.com\/?s={search_term_string}\",\"query-input\":\"required name=search_term_string\"}],\"inLanguage\":\"de\"},{\"@type\":\"WebPage\",\"@id\":\"https:\/\/www.pocketweb.com\/agentur#webpage\",\"url\":\"https:\/\/www.pocketweb.com\/agentur\",\"name\":\"Agentur f\\u00fcr App Programmierung\",\"isPartOf\":{\"@id\":\"https:\/\/www.pocketweb.com\/#website\"},\"datePublished\":\"2014-05-05T11:29:07+00:00\",\"dateModified\":\"2021-04-08T00:20:52+00:00\",\"description\":\"Die mehrfach ausgezeichnete Agentur in Berlin f\\u00fcr f\\u00fchrende mobile L\\u00f6sungen und Location Based Services. Profitieren Sie von unseren zahlreichen Erfahrungen.\",\"breadcrumb\":{\"@id\":\"https:\/\/www.pocketweb.com\/agentur#breadcrumb\"},\"inLanguage\":\"de\",\"potentialAction\":[{\"@type\":\"ReadAction\",\"target\":[\"https:\/\/www.pocketweb.com\/agentur\"]}]},{\"@type\":\"BreadcrumbList\",\"@id\":\"https:\/\/www.pocketweb.com\/agentur#breadcrumb\",\"itemListElement\":[{\"@type\":\"ListItem\",\"position\":1,\"item\":{\"@type\":\"WebPage\",\"@id\":\"https:\/\/www.pocketweb.com\/\",\"url\":\"https:\/\/www.pocketweb.com\/\",\"name\":\"Home\"}},{\"@type\":\"ListItem\",\"position\":2,\"item\":{\"@type\":\"WebPage\",\"@id\":\"https:\/\/www.pocketweb.com\/agentur\",\"url\":\"https:\/\/www.pocketweb.com\/agentur\",\"name\":\"Wir\"}}]}]}<\/script>\n<!-- \/ Yoast SEO plugin. -->","_links":{"self":[{"href":"https:\/\/www.pocketweb.com\/de\/wp-json\/wp\/v2\/pages\/15359"}],"collection":[{"href":"https:\/\/www.pocketweb.com\/de\/wp-json\/wp\/v2\/pages"}],"about":[{"href":"https:\/\/www.pocketweb.com\/de\/wp-json\/wp\/v2\/types\/page"}],"author":[{"embeddable":true,"href":"https:\/\/www.pocketweb.com\/de\/wp-json\/wp\/v2\/users\/1"}],"replies":[{"embeddable":true,"href":"https:\/\/www.pocketweb.com\/de\/wp-json\/wp\/v2\/comments?post=15359"}],"version-history":[{"count":113,"href":"https:\/\/www.pocketweb.com\/de\/wp-json\/wp\/v2\/pages\/15359\/revisions"}],"predecessor-version":[{"id":18790,"href":"https:\/\/www.pocketweb.com\/de\/wp-json\/wp\/v2\/pages\/15359\/revisions\/18790"}],"wp:attachment":[{"href":"https:\/\/www.pocketweb.com\/de\/wp-json\/wp\/v2\/media?parent=15359"}],"curies":[{"name":"wp","href":"https:\/\/api.w.org\/{rel}","templated":true}]}}