{"id":15847,"date":"2014-07-29T09:31:35","date_gmt":"2014-07-29T08:31:35","guid":{"rendered":"http:\/\/demo.qodeinteractive.com\/bridge26\/?page_id=15847"},"modified":"2021-04-09T10:02:10","modified_gmt":"2021-04-08T22:02:10","slug":"home-bridge-health","status":"publish","type":"page","link":"https:\/\/www.pocketweb.com\/de\/","title":{"rendered":"Home"},"content":{"rendered":"<p>[vc_row css_animation=&#8220;&#8220; row_type=&#8220;row&#8220; use_row_as_full_screen_section=&#8220;yes&#8220; type=&#8220;full_width&#8220; angled_section=&#8220;no&#8220; text_align=&#8220;left&#8220; background_image=&#8220;17495&#8243; background_image_as_pattern=&#8220;without_pattern&#8220; background_color=&#8220;#0a0a0a&#8220; side_padding=&#8220;0&#8243; el_class=&#8220;pw_hero&#8220; css=&#8220;.vc_custom_1488193083150{margin-top: 0px !important;margin-right: 0px !important;margin-left: 0px !important;padding-top: 0px !important;padding-right: 0px !important;padding-left: 0px !important;}&#8220;][vc_column el_class=&#8220;typeContainer&#8220; css=&#8220;.vc_custom_1483111392821{margin-top: 0px !important;margin-right: 0px !important;margin-left: 0px !important;padding-top: 0px !important;padding-right: 0px !important;padding-left: 0px !important;}&#8220;][vc_column_text el_class=&#8220;type&#8220;]<\/p>\n<h1>Wir sind PocketWeb, ein <span style=\"color: #24ccfc;\"> f\u00fchrendes\u00a0<\/span> Entwicklungshaus f\u00fcr mobile Anwendungen aus Berlin, Deutschland und Christchurch, Neuseeland. [delay=500]<\/h1>\n<h1>Mehrfach ausgezeichnet\u00a0f\u00fcr <span style=\"color: #97fd31;\"> hybride<\/span> und native Apps, responsive oder progressive Web-Apps sowie REST-APIs und Cloud-Backends, die wir auch\u00a0selbst betreiben.<\/h1>\n<p>[\/vc_column_text][\/vc_column][\/vc_row][vc_row css_animation=&#8220;&#8220; row_type=&#8220;row&#8220; use_row_as_full_screen_section=&#8220;no&#8220; type=&#8220;full_width&#8220; angled_section=&#8220;no&#8220; text_align=&#8220;left&#8220; background_image_as_pattern=&#8220;without_pattern&#8220; css=&#8220;.vc_custom_1487171698782{margin-right: 0px !important;margin-left: 0px !important;padding-right: 0px !important;padding-left: 0px !important;}&#8220;][vc_column css=&#8220;.vc_custom_1487172046662{margin-right: 0px !important;margin-left: 0px !important;padding-right: 0px !important;padding-left: 0px !important;}&#8220; el_class=&#8220;h1Container&#8220;][vc_column_text css=&#8220;.vc_custom_1617919320890{margin-top: 60px !important;margin-right: 0px !important;margin-left: 0px !important;padding-top: 0px !important;padding-right: 0px !important;padding-left: 0px !important;}&#8220; el_class=&#8220;h1Container&#8220;]<\/p>\n<h1 class=\"p1\"><span class=\"s1\">Nutzen Sie unsere Erfahrung aus der langfristigen Zusammenarbeit mit IT-Abteilungen, Agenturen und <\/span><span style=\"font-family: Karla, sans-serif;\"><span style=\"color: #24ccfc;\">StartUps<\/span><\/span><\/h1>\n<p>[\/vc_column_text][\/vc_column][\/vc_row][vc_row css_animation=&#8220;&#8220; row_type=&#8220;row&#8220; use_row_as_full_screen_section=&#8220;no&#8220; type=&#8220;full_width&#8220; angled_section=&#8220;no&#8220; text_align=&#8220;center&#8220; background_image_as_pattern=&#8220;without_pattern&#8220; css=&#8220;.vc_custom_1487174704526{margin-right: 0px !important;margin-left: 0px !important;padding-right: 0px !important;padding-left: 0px !important;}&#8220;][vc_column css=&#8220;.vc_custom_1487172412812{margin-right: 0px !important;margin-left: 0px !important;padding-right: 0px !important;padding-left: 0px !important;}&#8220; el_class=&#8220;columnContainer&#8220;][vc_row_inner row_type=&#8220;row&#8220; type=&#8220;full_width&#8220; text_align=&#8220;left&#8220; css_animation=&#8220;&#8220;][vc_column_inner width=&#8220;1\/3&#8243;][vc_single_image image=&#8220;18153&#8243; img_size=&#8220;full&#8220; qode_css_animation=&#8220;&#8220;][vc_separator type=&#8220;transparent&#8220; up=&#8220;20&#8243; down=&#8220;0&#8243;][vc_column_text]<\/p>\n<h6 style=\"text-align: left;\">Hybride Product-Scan App<\/h6>\n<p>[\/vc_column_text][vc_separator type=&#8220;transparent&#8220; up=&#8220;5&#8243; down=&#8220;0&#8243;][vc_column_text el_class=&#8220;projectDescription&#8220;]<\/p>\n<p class=\"p1\"><span class=\"s1\">Apps und Backend als f\u00fchrende Plattform f\u00fcr klimaneutralen Konsum. Inklusive Barcode-Datenbank und In-shop-Kampagnen.<\/span><\/p>\n<p>[\/vc_column_text][vc_empty_space height=&#8220;90px&#8220;][\/vc_column_inner][vc_column_inner width=&#8220;1\/3&#8243;][vc_single_image image=&#8220;16520&#8243; img_size=&#8220;full&#8220; qode_css_animation=&#8220;&#8220;][vc_separator type=&#8220;transparent&#8220; up=&#8220;20&#8243; down=&#8220;0&#8243;][vc_column_text]<\/p>\n<h6 style=\"text-align: left;\">Native Health Care App<\/h6>\n<p>[\/vc_column_text][vc_separator type=&#8220;transparent&#8220; up=&#8220;5&#8243; down=&#8220;0&#8243;][vc_column_text el_class=&#8220;projectDescription&#8220;]<\/p>\n<p class=\"p1\"><span class=\"s1\">iOS &amp; Android Apps und sicheres Backend f\u00fcr Kliniken und \u00c4rzte f\u00fcr global t\u00e4tigen Mittelst\u00e4ndler. Integration mit Schnelltest-Produktionsabl\u00e4ufen.<\/span><\/p>\n<p>[\/vc_column_text][vc_empty_space height=&#8220;90px&#8220;][\/vc_column_inner][vc_column_inner width=&#8220;1\/3&#8243;][vc_single_image image=&#8220;17876&#8243; img_size=&#8220;full&#8220; qode_css_animation=&#8220;&#8220;][vc_separator type=&#8220;transparent&#8220; up=&#8220;20&#8243; down=&#8220;0&#8243;][vc_column_text]<\/p>\n<h6 class=\"p1\"><span class=\"s1\">Financial Services Apps<\/span><\/h6>\n<p>[\/vc_column_text][vc_separator type=&#8220;transparent&#8220; up=&#8220;5&#8243; down=&#8220;0&#8243;][vc_column_text el_class=&#8220;projectDescription&#8220;]<\/p>\n<p class=\"p1\"><span class=\"s1\">L\u00f6sungen f\u00fcr Vertriebseinheiten und Endkunden sowie Anbindung an Legacy-Systeme. Sicherer Zugang und Touch-ID.<\/span><\/p>\n<p>[\/vc_column_text][vc_empty_space height=&#8220;90px&#8220;][\/vc_column_inner][\/vc_row_inner][vc_row_inner row_type=&#8220;row&#8220; type=&#8220;full_width&#8220; text_align=&#8220;left&#8220; background_color=&#8220;#ffffff&#8220; padding_bottom=&#8220;50&#8243; css_animation=&#8220;&#8220; css=&#8220;.vc_custom_1487171342551{margin-right: 0px !important;margin-left: 0px !important;padding-right: 0px !important;padding-left: 0px !important;}&#8220;][vc_column_inner width=&#8220;1\/3&#8243;][vc_single_image image=&#8220;16523&#8243; img_size=&#8220;full&#8220; qode_css_animation=&#8220;&#8220;][vc_separator type=&#8220;transparent&#8220; up=&#8220;20&#8243; down=&#8220;0&#8243;][vc_column_text]<\/p>\n<h6>Social Networking App<\/h6>\n<p>[\/vc_column_text][vc_separator type=&#8220;transparent&#8220; up=&#8220;5&#8243; down=&#8220;0&#8243;][vc_column_text el_class=&#8220;projectDescription&#8220;]<\/p>\n<p class=\"p1\"><span class=\"s1\">L\u00f6sungen f\u00fcr deutsche und amerikanische Start-ups mit umfangreichen Interaktions- und Kommunikations-M\u00f6glichkeiten sowie Facebook Standards.<\/span><\/p>\n<p>[\/vc_column_text][vc_empty_space height=&#8220;90px&#8220;][\/vc_column_inner][vc_column_inner width=&#8220;1\/3&#8243;][vc_single_image image=&#8220;16518&#8243; img_size=&#8220;full&#8220; qode_css_animation=&#8220;&#8220;][vc_separator type=&#8220;transparent&#8220; up=&#8220;20&#8243; down=&#8220;0&#8243;][vc_column_text]<\/p>\n<h6>Fitness-App von f\u00fchrenden \u00c4rzten<\/h6>\n<p>[\/vc_column_text][vc_separator type=&#8220;transparent&#8220; up=&#8220;5&#8243; down=&#8220;0&#8243;][vc_column_text el_class=&#8220;projectDescription&#8220;]<\/p>\n<p class=\"p1\" style=\"text-align: left;\">F\u00fcr dieses Unternehmen stellen wir eine komplette white-label Gesundheitsplattform mit L\u00f6sungen auf Web, Android und iPhone zur Verf\u00fcgung.<\/p>\n<p>[\/vc_column_text][vc_empty_space height=&#8220;90px&#8220;][\/vc_column_inner][vc_column_inner width=&#8220;1\/3&#8243;][vc_single_image image=&#8220;16524&#8243; img_size=&#8220;full&#8220; qode_css_animation=&#8220;&#8220;][vc_separator type=&#8220;transparent&#8220; up=&#8220;20&#8243; down=&#8220;0&#8243;][vc_column_text]<\/p>\n<h6 class=\"p1\"><span class=\"s1\">Smart Home &amp; Indoor Navigation<\/span><\/h6>\n<p>[\/vc_column_text][vc_separator type=&#8220;transparent&#8220; up=&#8220;5&#8243; down=&#8220;0&#8243;][vc_column_text el_class=&#8220;projectDescription&#8220;]<\/p>\n<p class=\"p1\"><span class=\"s1\">L\u00f6sungen f\u00fcr Smart Home und Home Security f\u00fcr f\u00fchrende Europ\u00e4ische Sensoren- und L\u00f6sungsanbieter. Realisierung von Indoor Navigation.<\/span><\/p>\n<p>[\/vc_column_text][vc_empty_space height=&#8220;90px&#8220;][\/vc_column_inner][\/vc_row_inner][vc_column_text]<\/p>\n<h1 class=\"p1\" style=\"text-align: right;\"><span class=\"s1\"><b>Weiter zu <\/b><\/span><a style=\"text-decoration: none;\" href=\"https:\/\/www.pocketweb.com\/referenzen\"><span class=\"s2\" style=\"color: #24ccfc;\"><b>mehr L\u00f6sungen &gt;<\/b><\/span><\/a><\/h1>\n<p>[\/vc_column_text][vc_empty_space height=&#8220;65px&#8220;][\/vc_column][\/vc_row][vc_row css_animation=&#8220;&#8220; row_type=&#8220;row&#8220; use_row_as_full_screen_section=&#8220;yes&#8220; type=&#8220;full_width&#8220; angled_section=&#8220;no&#8220; text_align=&#8220;left&#8220; background_image=&#8220;18058&#8243; background_image_as_pattern=&#8220;without_pattern&#8220; side_padding=&#8220;0&#8243; css=&#8220;.vc_custom_1488193497072{margin-right: 0px !important;margin-left: 0px !important;padding-top: 0px !important;padding-right: 0px !important;padding-bottom: 0px !important;padding-left: 0px !important;}&#8220;][vc_column el_class=&#8220;sliderContainer&#8220; css=&#8220;.vc_custom_1483029772584{margin-right: 0px !important;margin-left: 0px !important;padding-right: 0px !important;padding-left: 0px !important;}&#8220;][qode_content_slider enable_drag=&#8220;yes&#8220; direction_nav=&#8220;no&#8220; control_nav=&#8220;yes&#8220; pause_on_hover=&#8220;no&#8220;][qode_content_slider_item][vc_column_text css=&#8220;.vc_custom_1483546595599{margin-top: 60px !important;margin-right: 0px !important;margin-bottom: 60px !important;margin-left: 0px !important;padding-top: 0px !important;padding-right: 0px !important;padding-left: 0px !important;}&#8220;]<\/p>\n<h1 class=\"p1\"><span class=\"s1\">Planbar:<br \/>\n<\/span><span class=\"s1\">konsequent <span style=\"color: #24ccfc;\">test-getrieben<\/span> und <span style=\"color: #98fc31;\">SCRUM<\/span>-orientiert<\/span><\/h1>\n<p>[\/vc_column_text][\/qode_content_slider_item][qode_content_slider_item][vc_column_text css=&#8220;.vc_custom_1483546632116{margin-top: 60px !important;margin-right: 0px !important;margin-bottom: 60px !important;margin-left: 0px !important;padding-top: 0px !important;padding-right: 0px !important;padding-left: 0px !important;background-position: center !important;background-repeat: no-repeat !important;background-size: cover !important;}&#8220;]<\/p>\n<h1 class=\"p1\"><span class=\"s1\">Produktiv:<br \/>\nEinbindung von Technologien und <span style=\"color: #98fc31;\">Schnittstellen<\/span> sowie Internationalisierung.\u00a0<\/span><\/h1>\n<p>[\/vc_column_text][\/qode_content_slider_item][qode_content_slider_item][vc_column_text css=&#8220;.vc_custom_1483546683102{margin-top: 60px !important;margin-right: 0px !important;margin-bottom: 60px !important;margin-left: 0px !important;padding-top: 0px !important;padding-right: 0px !important;padding-left: 0px !important;}&#8220;]<\/p>\n<h1 class=\"p1\"><span class=\"s1\">Methodisch:<br \/>\n<span style=\"color: #24ccfc;\">User Experience<\/span> und Management von Design Assets.<\/span><\/h1>\n<p>[\/vc_column_text][\/qode_content_slider_item][\/qode_content_slider][\/vc_column][\/vc_row][vc_row css_animation=&#8220;&#8220; row_type=&#8220;row&#8220; use_row_as_full_screen_section=&#8220;no&#8220; type=&#8220;full_width&#8220; angled_section=&#8220;no&#8220; text_align=&#8220;left&#8220; background_image=&#8220;17670&#8243; background_image_as_pattern=&#8220;without_pattern&#8220; side_padding=&#8220;0&#8243; css=&#8220;.vc_custom_1487347626254{margin-right: 0px !important;margin-left: 0px !important;padding-right: 0px !important;padding-left: 0px !important;}&#8220; el_class=&#8220;addToFooter&#8220;][vc_column css=&#8220;.vc_custom_1483534499075{margin-right: 0px !important;margin-left: 0px !important;padding-right: 0px !important;padding-left: 0px !important;}&#8220; el_class=&#8220;h1Container&#8220;][vc_column_text css=&#8220;.vc_custom_1617854768115{margin-top: 60px !important;margin-right: 0px !important;margin-bottom: 60px !important;margin-left: 0px !important;padding-top: 0px !important;padding-right: 0px !important;padding-left: 0px !important;}&#8220;]<\/p>\n<h1 style=\"text-align: center;\"><strong><span style=\"font-family: Karla, sans-serif;\"><span style=\"color: #ffffff;\">Kontaktieren Sie uns:<\/span><\/span><\/strong><strong><span style=\"font-family: Karla, sans-serif;\">\u00a0<a href=\"mailto:loslegen@pocketweb.de\"><span style=\"color: #98fc31;\">loslegen@pocketweb.com<\/span><\/a><\/span><\/strong><\/h1>\n<p>[\/vc_column_text][\/vc_column][\/vc_row]<\/p>","protected":false},"excerpt":{"rendered":"<p>[vc_row css_animation=&#8220;&#8220; row_type=&#8220;row&#8220; use_row_as_full_screen_section=&#8220;yes&#8220; type=&#8220;full_width&#8220; angled_section=&#8220;no&#8220; text_align=&#8220;left&#8220; background_image=&#8220;17495&#8243; background_image_as_pattern=&#8220;without_pattern&#8220; background_color=&#8220;#0a0a0a&#8220; side_padding=&#8220;0&#8243; el_class=&#8220;pw_hero&#8220; css=&#8220;.vc_custom_1488193083150{margin-top: 0px !important;margin-right: 0px !important;margin-left: 0px !important;padding-top: 0px !important;padding-right: 0px !important;padding-left: 0px !important;}&#8220;][vc_column el_class=&#8220;typeContainer&#8220; css=&#8220;.vc_custom_1483111392821{margin-top: 0px !important;margin-right: 0px !important;margin-left: 0px !important;padding-top: 0px !important;padding-right: 0px !important;padding-left: 0px !important;}&#8220;][vc_column_text el_class=&#8220;type&#8220;] Wir sind PocketWeb, ein f\u00fchrendes\u00a0&#8230;<\/p>\n","protected":false},"author":1,"featured_media":0,"parent":0,"menu_order":0,"comment_status":"open","ping_status":"closed","template":"full_width.php","meta":[],"yoast_head":"<!-- This site is optimized with the Yoast SEO plugin v16.1.1 - https:\/\/yoast.com\/wordpress\/plugins\/seo\/ -->\n<title>Pocketweb - Agentur f\u00fcr App-Programmierung<\/title>\n<meta name=\"description\" content=\"Pocketweb: die f\u00fchrende Agentur f\u00fcr App-Programmierung und UX aus Berlin. Profitieren Sie von Erfahrungen mit mehrfach ausgezeichneten iOS und Android Apps.\" \/>\n<link rel=\"canonical\" href=\"https:\/\/www.pocketweb.com\/\" \/>\n<meta property=\"og:locale\" content=\"de_DE\" \/>\n<meta property=\"og:type\" content=\"article\" \/>\n<meta property=\"og:title\" content=\"Pocketweb - Agentur f\u00fcr App-Programmierung\" \/>\n<meta property=\"og:description\" content=\"Pocketweb: die f\u00fchrende Agentur f\u00fcr App-Programmierung und UX aus Berlin. Profitieren Sie von Erfahrungen mit mehrfach ausgezeichneten iOS und Android Apps.\" \/>\n<meta property=\"og:url\" content=\"https:\/\/www.pocketweb.com\/\" \/>\n<meta property=\"og:site_name\" content=\"Pocketweb\" \/>\n<meta property=\"article:publisher\" content=\"http:\/\/www.facebook.com\/pages\/Pocketweb\/112679875426520?ref=mf\" \/>\n<meta property=\"article:modified_time\" content=\"2021-04-08T22:02:10+00:00\" \/>\n<meta name=\"twitter:label1\" content=\"Gesch\u00e4tzte Lesezeit\">\n\t<meta name=\"twitter:data1\" content=\"3\u00a0Minuten\">\n<script type=\"application\/ld+json\" class=\"yoast-schema-graph\">{\"@context\":\"https:\/\/schema.org\",\"@graph\":[{\"@type\":\"Organization\",\"@id\":\"https:\/\/www.pocketweb.com\/#organization\",\"name\":\"Pocketweb GmbH\",\"url\":\"https:\/\/www.pocketweb.com\/\",\"sameAs\":[\"http:\/\/www.facebook.com\/pages\/Pocketweb\/112679875426520?ref=mf\",\"https:\/\/twitter.com\/pocketweb_tweet\"],\"logo\":{\"@type\":\"ImageObject\",\"@id\":\"https:\/\/www.pocketweb.com\/#logo\",\"inLanguage\":\"de\",\"url\":\"https:\/\/www.pocketweb.com\/wp-content\/uploads\/2014\/07\/pocketweb-logo-72dpi.jpg\",\"contentUrl\":\"https:\/\/www.pocketweb.com\/wp-content\/uploads\/2014\/07\/pocketweb-logo-72dpi.jpg\",\"width\":169,\"height\":33,\"caption\":\"Pocketweb GmbH\"},\"image\":{\"@id\":\"https:\/\/www.pocketweb.com\/#logo\"}},{\"@type\":\"WebSite\",\"@id\":\"https:\/\/www.pocketweb.com\/#website\",\"url\":\"https:\/\/www.pocketweb.com\/\",\"name\":\"Pocketweb\",\"description\":\"App Entwicklung\",\"publisher\":{\"@id\":\"https:\/\/www.pocketweb.com\/#organization\"},\"potentialAction\":[{\"@type\":\"SearchAction\",\"target\":\"https:\/\/www.pocketweb.com\/?s={search_term_string}\",\"query-input\":\"required name=search_term_string\"}],\"inLanguage\":\"de\"},{\"@type\":\"WebPage\",\"@id\":\"https:\/\/www.pocketweb.com\/#webpage\",\"url\":\"https:\/\/www.pocketweb.com\/\",\"name\":\"Pocketweb - Agentur f\\u00fcr App-Programmierung\",\"isPartOf\":{\"@id\":\"https:\/\/www.pocketweb.com\/#website\"},\"datePublished\":\"2014-07-29T08:31:35+00:00\",\"dateModified\":\"2021-04-08T22:02:10+00:00\",\"description\":\"Pocketweb: die f\\u00fchrende Agentur f\\u00fcr App-Programmierung und UX aus Berlin. Profitieren Sie von Erfahrungen mit mehrfach ausgezeichneten iOS und Android Apps.\",\"breadcrumb\":{\"@id\":\"https:\/\/www.pocketweb.com\/#breadcrumb\"},\"inLanguage\":\"de\",\"potentialAction\":[{\"@type\":\"ReadAction\",\"target\":[\"https:\/\/www.pocketweb.com\/\"]}]},{\"@type\":\"BreadcrumbList\",\"@id\":\"https:\/\/www.pocketweb.com\/#breadcrumb\",\"itemListElement\":[{\"@type\":\"ListItem\",\"position\":1,\"item\":{\"@type\":\"WebPage\",\"@id\":\"https:\/\/www.pocketweb.com\/\",\"url\":\"https:\/\/www.pocketweb.com\/\",\"name\":\"Home\"}},{\"@type\":\"ListItem\",\"position\":2,\"item\":{\"@type\":\"WebPage\",\"@id\":\"https:\/\/www.pocketweb.com\/\",\"url\":\"https:\/\/www.pocketweb.com\/\",\"name\":\"Home\"}}]}]}<\/script>\n<!-- \/ Yoast SEO plugin. -->","_links":{"self":[{"href":"https:\/\/www.pocketweb.com\/de\/wp-json\/wp\/v2\/pages\/15847"}],"collection":[{"href":"https:\/\/www.pocketweb.com\/de\/wp-json\/wp\/v2\/pages"}],"about":[{"href":"https:\/\/www.pocketweb.com\/de\/wp-json\/wp\/v2\/types\/page"}],"author":[{"embeddable":true,"href":"https:\/\/www.pocketweb.com\/de\/wp-json\/wp\/v2\/users\/1"}],"replies":[{"embeddable":true,"href":"https:\/\/www.pocketweb.com\/de\/wp-json\/wp\/v2\/comments?post=15847"}],"version-history":[{"count":364,"href":"https:\/\/www.pocketweb.com\/de\/wp-json\/wp\/v2\/pages\/15847\/revisions"}],"predecessor-version":[{"id":18831,"href":"https:\/\/www.pocketweb.com\/de\/wp-json\/wp\/v2\/pages\/15847\/revisions\/18831"}],"wp:attachment":[{"href":"https:\/\/www.pocketweb.com\/de\/wp-json\/wp\/v2\/media?parent=15847"}],"curies":[{"name":"wp","href":"https:\/\/api.w.org\/{rel}","templated":true}]}}