{"id":16556,"date":"2015-03-25T11:23:17","date_gmt":"2015-03-25T11:23:17","guid":{"rendered":"https:\/\/pocketweb.de\/?page_id=16556"},"modified":"2021-04-08T03:13:36","modified_gmt":"2021-04-08T02:13:36","slug":"loslegen","status":"publish","type":"page","link":"https:\/\/www.pocketweb.com\/de\/loslegen","title":{"rendered":"Loslegen"},"content":{"rendered":"<p>[vc_row css_animation=&#8220;&#8220; row_type=&#8220;row&#8220; use_row_as_full_screen_section=&#8220;yes&#8220; type=&#8220;full_width&#8220; angled_section=&#8220;no&#8220; text_align=&#8220;left&#8220; background_image=&#8220;17771&#8243; background_image_as_pattern=&#8220;without_pattern&#8220; background_color=&#8220;#0a0a0a&#8220; side_padding=&#8220;0&#8243; el_class=&#8220;pw_hero_autosize&#8220; css=&#8220;.vc_custom_1483119347226{margin-right: 0px !important;margin-left: 0px !important;padding-right: 0px !important;padding-left: 0px !important;}&#8220;][vc_column el_class=&#8220;columnContainer&#8220; css=&#8220;.vc_custom_1487605108974{margin-right: 0px !important;margin-bottom: 0px !important;margin-left: 0px !important;border-bottom-width: 0px !important;padding-right: 0px !important;padding-bottom: 0px !important;padding-left: 0px !important;}&#8220;][vc_column_text el_class=&#8220;noTypeDark&#8220;]<\/p>\n<h1>Wie wir <span style=\"color: #98fc31;\">zusammenkommen:<\/span><\/h1>\n<p>[\/vc_column_text]<div class=\"cq-accordion accordeonLoslegen\" style=\"width:;\" data-displayfirst=\"on\"><ul><li><input type=\"checkbox\" checked><i class=\"\"><\/i><h4 style=\"color:#ffffff;font-size:;padding:;\">1. Kontaktaufnahme und NDA<\/h4><div class=\"accordion-content\" style=\"background-color:rgba(0,0,0,0.01);color:#dbdbdb;font-size:;\"><\/p>\n<div class=\"wpb_text_column wpb_content_element \">\n<div class=\"wpb_wrapper\">\n<h1 class=\"p1\">Rufen Sie an und schildern uns kurz ihr Vorhaben. Wir geben Ihnen direkt eine Ersteinsch\u00e4tzung und erl\u00e4utern Erfolgsfaktoren und h\u00e4ufige Herausforderungen\u00a0bez\u00fcglich Umfang, Positionierung, Gesch\u00e4ftsmodell und anderer Faktoren Ihrer angestrebten mobilen L\u00f6sung. Gerne schicken wir Ihnen umgehend per email eine Vertraulichkeitserkl\u00e4rung (NDA).<\/h1>\n<\/div>\n<\/div>\n<p><\/div><\/li><li><input type=\"checkbox\" checked><i class=\"\"><\/i><h4 style=\"color:#ffffff;font-size:;padding:;\">2. Erg\u00e4nzende Informationen<\/h4><div class=\"accordion-content\" style=\"background-color:rgba(0,0,0,0.01);color:#dbdbdb;font-size:;\"><\/p>\n<h1>Nach dem Gespr\u00e4ch und ggf. nach Zusendung des NDA k\u00f6nnen Sie uns \u2013 falls vorhanden \u2013 weitere Informationen und Dokumente zukommen lassen. Seien es Designs, Pflichtenhefte oder einfach nur eine kurze textuelle Beschreibung per email. Wir werden diese im Team besprechen und um unsere Erfahrungen erg\u00e4nzen.<\/h1>\n<p><\/div><\/li><li><input type=\"checkbox\" checked><i class=\"\"><\/i><h4 style=\"color:#ffffff;font-size:;padding:;\">3. Grobsch\u00e4tzung und Abstimmung<\/h4><div class=\"accordion-content\" style=\"background-color:rgba(0,0,0,0.01);color:#dbdbdb;font-size:;\"><\/p>\n<h1>Auf Basis Ihrer Informationen erhalten Sie von uns zeitnah eine Grobsch\u00e4tzung per email. Diese beinhaltet bereits eine erste Technologiewahl, eine Budgetspanne und einen ungef\u00e4hren Zeitplan. Nat\u00fcrlich f\u00fcr Sie v\u00f6llig unverbindlich. Ziel ist es, auf Basis relevanter Einsch\u00e4tzungen zu einer Entscheidungsgrundlage f\u00fcr Sie zu kommen.<\/h1>\n<p><\/div><\/li><li><input type=\"checkbox\" checked><i class=\"\"><\/i><h4 style=\"color:#ffffff;font-size:;padding:;\">4. Angebot und Vertrag<\/h4><div class=\"accordion-content\" style=\"background-color:rgba(0,0,0,0.01);color:#dbdbdb;font-size:;\"><\/p>\n<h1>Jetzt erstellen wir Ihnen ein konkretes Angebot. V\u00f6llig unverbindlich f\u00fcr Sie, aber verbindlich von uns. Damit bekommen Sie eine konkrete Entscheidungsgrundlage inkl. Ressourcenzusage und Zeitplan. In der Regel streben wir eine marktf\u00e4hige Erstversion innerhalb von 3-4 Monaten an. Bei Unterschrift wird das Angebot zum Auftrag.<\/h1>\n<p><\/div><\/li><li><input type=\"checkbox\" checked><i class=\"\"><\/i><h4 style=\"color:#ffffff;font-size:;padding:;\">5. Projekt<\/h4><div class=\"accordion-content\" style=\"background-color:rgba(0,0,0,0.01);color:#dbdbdb;font-size:;\"><\/p>\n<h1>Das Projekt startet zumeist mit Design und Feinspezifikation, um dann unmittelbar in die Entwicklung einzusteigen. Wir arbeiten \u201eagil\u201c, Sie erhalten also in regelm\u00e4\u00dfigen Abst\u00e4nden Testversionen, zu denen Sie ihr Feedback einbringen k\u00f6nnen.<\/h1>\n<p><\/div><\/li><li><input type=\"checkbox\" checked><i class=\"\"><\/i><h4 style=\"color:#ffffff;font-size:;padding:;\">6. Launch und Betrieb<\/h4><div class=\"accordion-content\" style=\"background-color:rgba(0,0,0,0.01);color:#dbdbdb;font-size:;\"><\/p>\n<h1>Gegen Ende des Projektes steht der User Acceptance Test im Mittelpunkt. Wir begleiten zudem den Approval-Prozess im App-Store und bereiten mit Ihnen den Markt-Launch vor. In den meisten F\u00e4llen steigen wir mit dem Launch ein in den Betrieb des Backends sowie die Weiterentwicklung der Apps. Jetzt beginnt die Reise erst richtig: denn das wertvollste Feedback kommt vom Nutzer.<\/h1>\n<p><\/div><\/li><\/ul><\/div>[\/vc_column][\/vc_row][vc_row css_animation=&#8220;&#8220; row_type=&#8220;row&#8220; use_row_as_full_screen_section=&#8220;no&#8220; type=&#8220;full_width&#8220; angled_section=&#8220;no&#8220; text_align=&#8220;left&#8220; background_image=&#8220;17670&#8243; background_image_as_pattern=&#8220;without_pattern&#8220; side_padding=&#8220;0&#8243; css=&#8220;.vc_custom_1487347626254{margin-right: 0px !important;margin-left: 0px !important;padding-right: 0px !important;padding-left: 0px !important;}&#8220; el_class=&#8220;addToFooter&#8220;][vc_column css=&#8220;.vc_custom_1483534499075{margin-right: 0px !important;margin-left: 0px !important;padding-right: 0px !important;padding-left: 0px !important;}&#8220; el_class=&#8220;h1Container&#8220;][vc_column_text css=&#8220;.vc_custom_1513689454313{margin-top: 60px !important;margin-right: 0px !important;margin-bottom: 60px !important;margin-left: 0px !important;padding-top: 0px !important;padding-right: 0px !important;padding-left: 0px !important;}&#8220;]<\/p>\n<h1 style=\"text-align: center;\"><strong><span style=\"font-family: Karla, sans-serif;\"><span style=\"color: #ffffff;\">Kontaktieren Sie uns<\/span><\/span><\/strong><strong><span style=\"font-family: Karla, sans-serif;\"><span style=\"color: #ffffff;\">:<\/span> <a href=\"mailto:loslegen@pocketweb.com\"><span style=\"color: #98fc31;\">loslegen@pocketweb.com<\/span><\/a><\/span><\/strong><\/h1>\n<p>[\/vc_column_text][\/vc_column][\/vc_row]<\/p>","protected":false},"excerpt":{"rendered":"<p>[vc_row css_animation=&#8220;&#8220; row_type=&#8220;row&#8220; use_row_as_full_screen_section=&#8220;yes&#8220; type=&#8220;full_width&#8220; angled_section=&#8220;no&#8220; text_align=&#8220;left&#8220; background_image=&#8220;17771&#8243; background_image_as_pattern=&#8220;without_pattern&#8220; background_color=&#8220;#0a0a0a&#8220; side_padding=&#8220;0&#8243; el_class=&#8220;pw_hero_autosize&#8220; css=&#8220;.vc_custom_1483119347226{margin-right: 0px !important;margin-left: 0px !important;padding-right: 0px !important;padding-left: 0px !important;}&#8220;][vc_column el_class=&#8220;columnContainer&#8220; css=&#8220;.vc_custom_1487605108974{margin-right: 0px !important;margin-bottom: 0px !important;margin-left: 0px !important;border-bottom-width: 0px !important;padding-right: 0px !important;padding-bottom: 0px !important;padding-left: 0px !important;}&#8220;][vc_column_text el_class=&#8220;noTypeDark&#8220;] Wie wir zusammenkommen: [\/vc_column_text][\/vc_column][\/vc_row][vc_row css_animation=&#8220;&#8220; row_type=&#8220;row&#8220; use_row_as_full_screen_section=&#8220;no&#8220;&#8230;<\/p>\n","protected":false},"author":1,"featured_media":0,"parent":0,"menu_order":0,"comment_status":"open","ping_status":"open","template":"full_width.php","meta":[],"yoast_head":"<!-- This site is optimized with the Yoast SEO plugin v16.1.1 - https:\/\/yoast.com\/wordpress\/plugins\/seo\/ -->\n<title>Loslegen: unser Vorgehen bei Pocketweb<\/title>\n<meta name=\"description\" content=\"Loslegen und fr\u00fchzeitig einen \u00dcberblick der technischen Optionen und der Aufwandskomponenten erhalten. Ihre Basis f\u00fcr die Auswahl des richtigen Partners.\" \/>\n<link rel=\"canonical\" href=\"https:\/\/www.pocketweb.com\/loslegen\" \/>\n<meta property=\"og:locale\" content=\"de_DE\" \/>\n<meta property=\"og:type\" content=\"article\" \/>\n<meta property=\"og:title\" content=\"Loslegen: unser Vorgehen bei Pocketweb\" \/>\n<meta property=\"og:description\" content=\"Loslegen und fr\u00fchzeitig einen \u00dcberblick der technischen Optionen und der Aufwandskomponenten erhalten. Ihre Basis f\u00fcr die Auswahl des richtigen Partners.\" \/>\n<meta property=\"og:url\" content=\"https:\/\/www.pocketweb.com\/loslegen\" \/>\n<meta property=\"og:site_name\" content=\"Pocketweb\" \/>\n<meta property=\"article:publisher\" content=\"http:\/\/www.facebook.com\/pages\/Pocketweb\/112679875426520?ref=mf\" \/>\n<meta property=\"article:modified_time\" content=\"2021-04-08T02:13:36+00:00\" \/>\n<meta name=\"twitter:label1\" content=\"Gesch\u00e4tzte Lesezeit\">\n\t<meta name=\"twitter:data1\" content=\"4\u00a0Minuten\">\n<script type=\"application\/ld+json\" class=\"yoast-schema-graph\">{\"@context\":\"https:\/\/schema.org\",\"@graph\":[{\"@type\":\"Organization\",\"@id\":\"https:\/\/www.pocketweb.com\/#organization\",\"name\":\"Pocketweb GmbH\",\"url\":\"https:\/\/www.pocketweb.com\/\",\"sameAs\":[\"http:\/\/www.facebook.com\/pages\/Pocketweb\/112679875426520?ref=mf\",\"https:\/\/twitter.com\/pocketweb_tweet\"],\"logo\":{\"@type\":\"ImageObject\",\"@id\":\"https:\/\/www.pocketweb.com\/#logo\",\"inLanguage\":\"de\",\"url\":\"https:\/\/www.pocketweb.com\/wp-content\/uploads\/2014\/07\/pocketweb-logo-72dpi.jpg\",\"contentUrl\":\"https:\/\/www.pocketweb.com\/wp-content\/uploads\/2014\/07\/pocketweb-logo-72dpi.jpg\",\"width\":169,\"height\":33,\"caption\":\"Pocketweb GmbH\"},\"image\":{\"@id\":\"https:\/\/www.pocketweb.com\/#logo\"}},{\"@type\":\"WebSite\",\"@id\":\"https:\/\/www.pocketweb.com\/#website\",\"url\":\"https:\/\/www.pocketweb.com\/\",\"name\":\"Pocketweb\",\"description\":\"App Entwicklung\",\"publisher\":{\"@id\":\"https:\/\/www.pocketweb.com\/#organization\"},\"potentialAction\":[{\"@type\":\"SearchAction\",\"target\":\"https:\/\/www.pocketweb.com\/?s={search_term_string}\",\"query-input\":\"required name=search_term_string\"}],\"inLanguage\":\"de\"},{\"@type\":\"WebPage\",\"@id\":\"https:\/\/www.pocketweb.com\/loslegen#webpage\",\"url\":\"https:\/\/www.pocketweb.com\/loslegen\",\"name\":\"Loslegen: unser Vorgehen bei Pocketweb\",\"isPartOf\":{\"@id\":\"https:\/\/www.pocketweb.com\/#website\"},\"datePublished\":\"2015-03-25T11:23:17+00:00\",\"dateModified\":\"2021-04-08T02:13:36+00:00\",\"description\":\"Loslegen und fr\\u00fchzeitig einen \\u00dcberblick der technischen Optionen und der Aufwandskomponenten erhalten. Ihre Basis f\\u00fcr die Auswahl des richtigen Partners.\",\"breadcrumb\":{\"@id\":\"https:\/\/www.pocketweb.com\/loslegen#breadcrumb\"},\"inLanguage\":\"de\",\"potentialAction\":[{\"@type\":\"ReadAction\",\"target\":[\"https:\/\/www.pocketweb.com\/loslegen\"]}]},{\"@type\":\"BreadcrumbList\",\"@id\":\"https:\/\/www.pocketweb.com\/loslegen#breadcrumb\",\"itemListElement\":[{\"@type\":\"ListItem\",\"position\":1,\"item\":{\"@type\":\"WebPage\",\"@id\":\"https:\/\/www.pocketweb.com\/\",\"url\":\"https:\/\/www.pocketweb.com\/\",\"name\":\"Home\"}},{\"@type\":\"ListItem\",\"position\":2,\"item\":{\"@type\":\"WebPage\",\"@id\":\"https:\/\/www.pocketweb.com\/loslegen\",\"url\":\"https:\/\/www.pocketweb.com\/loslegen\",\"name\":\"Loslegen\"}}]}]}<\/script>\n<!-- \/ Yoast SEO plugin. -->","_links":{"self":[{"href":"https:\/\/www.pocketweb.com\/de\/wp-json\/wp\/v2\/pages\/16556"}],"collection":[{"href":"https:\/\/www.pocketweb.com\/de\/wp-json\/wp\/v2\/pages"}],"about":[{"href":"https:\/\/www.pocketweb.com\/de\/wp-json\/wp\/v2\/types\/page"}],"author":[{"embeddable":true,"href":"https:\/\/www.pocketweb.com\/de\/wp-json\/wp\/v2\/users\/1"}],"replies":[{"embeddable":true,"href":"https:\/\/www.pocketweb.com\/de\/wp-json\/wp\/v2\/comments?post=16556"}],"version-history":[{"count":72,"href":"https:\/\/www.pocketweb.com\/de\/wp-json\/wp\/v2\/pages\/16556\/revisions"}],"predecessor-version":[{"id":18822,"href":"https:\/\/www.pocketweb.com\/de\/wp-json\/wp\/v2\/pages\/16556\/revisions\/18822"}],"wp:attachment":[{"href":"https:\/\/www.pocketweb.com\/de\/wp-json\/wp\/v2\/media?parent=16556"}],"curies":[{"name":"wp","href":"https:\/\/api.w.org\/{rel}","templated":true}]}}