{"id":17806,"date":"2016-12-30T18:28:13","date_gmt":"2016-12-30T17:28:13","guid":{"rendered":"https:\/\/pocketweb.de\/?page_id=17806"},"modified":"2021-04-09T11:08:51","modified_gmt":"2021-04-08T23:08:51","slug":"pricing","status":"publish","type":"page","link":"https:\/\/www.pocketweb.com\/de\/pricing","title":{"rendered":"Kosten"},"content":{"rendered":"<p><\/p>\n<p>[vc_row css_animation=&#8220;&#8220; row_type=&#8220;row&#8220; use_row_as_full_screen_section=&#8220;yes&#8220; type=&#8220;full_width&#8220; angled_section=&#8220;no&#8220; text_align=&#8220;left&#8220; background_image=&#8220;17771&#8243; background_image_as_pattern=&#8220;without_pattern&#8220; background_color=&#8220;#0a0a0a&#8220; side_padding=&#8220;0&#8243; el_class=&#8220;pw_hero_autosize&#8220; css=&#8220;.vc_custom_1483119347226{margin-right: 0px !important;margin-left: 0px !important;padding-right: 0px !important;padding-left: 0px !important;}&#8220;][vc_column el_class=&#8220;columnContainer&#8220; css=&#8220;.vc_custom_1487605108974{margin-right: 0px !important;margin-bottom: 0px !important;margin-left: 0px !important;border-bottom-width: 0px !important;padding-right: 0px !important;padding-bottom: 0px !important;padding-left: 0px !important;}&#8220;][vc_column_text el_class=&#8220;noTypeDark&#8220;]<\/p>\n<h1>Unsere mobile Kompetenz ist der rote Faden: beginnend bei der Gestaltung und Konzeption, \u00fcber die Technologiewahl und Programmierung bis hin zur Wartung und Weiterentwicklung\u00a0nach dem Launch.<\/h1>\n<h1>Sprechen Sie uns an auf:<\/h1>\n<h1>App Entwicklung:\u00a0<span class=\"s1\"><b>native \/ hybrid\u00a0\/ ionic \/ iOS \/ Android \/ Windows Phone<\/b><\/span><\/h1>\n<h1 class=\"p2\"><span class=\"s1\"><b>Web-Anwendungen:\u00a0<\/b><\/span><span class=\"s1\"><b>responsive \/ angular.js \/ <\/b><\/span><span class=\"s2\"><b>react<\/b><\/span><span class=\"s1\"><b> \/ Bootstrap \/ CMS<\/b><\/span><\/h1>\n<h1 class=\"p2\"><span class=\"s1\"><b>APIs:\u00a0<\/b><\/span><span class=\"s1\"><b>JSON \/ REST \/ SOAP \/ XML<\/b><\/span><\/h1>\n<h1 class=\"p2\"><span class=\"s1\"><b>Backend Entwicklung:\u00a0<\/b><\/span><span class=\"s1\"><b>high performance \/\u00a0scalable architectures \/ <\/b><\/span><span class=\"s2\"><b>security standards<\/b><\/span><\/h1>\n<h1 class=\"p2\"><span class=\"s1\"><b>Cloud Hosting:\u00a0<\/b><\/span><span class=\"s1\"><b>S3 \/ EC2 \/ CDNs \/ Load Balancing<\/b><\/span><\/h1>\n<h1 class=\"p2\"><span class=\"s1\"><b>Betrieb:\u00a0<\/b><\/span><span class=\"s1\"><b>Hosting \/ Operations \/ Support \/ Maintenance \/ Back-up\u00a0 \/ Monitoring<\/b><\/span><\/h1>\n<h1 class=\"p2\"><span class=\"s1\"><b>Methoden:\u00a0<\/b><\/span><span class=\"s1\"><b>Test-Driven-Development \/ SCRUM \/ TQM<\/b><\/span><\/h1>\n<h1 class=\"p2\"><span class=\"s1\"><b>Fachlich:\u00a0<\/b><\/span><span class=\"s1\"><b>UI-Design \/ User Experience \/ Konzeption \/\u00a0Projektmanagement \/ Community\u00a0Management \/ Release-Planung \/ Roadmap<\/b><\/span><\/h1>\n<p>[\/vc_column_text][vc_single_image image=&#8220;17855&#8243; img_size=&#8220;large&#8220; qode_css_animation=&#8220;&#8220; css=&#8220;.vc_custom_1487693438152{margin-top: -50px !important;border-top-width: 0px !important;padding-top: 0px !important;}&#8220;][vc_empty_space height=&#8220;60px&#8220;][\/vc_column][\/vc_row][vc_row css_animation=&#8220;&#8220; row_type=&#8220;row&#8220; use_row_as_full_screen_section=&#8220;no&#8220; type=&#8220;full_width&#8220; angled_section=&#8220;no&#8220; text_align=&#8220;left&#8220; background_image=&#8220;17670&#8243; background_image_as_pattern=&#8220;without_pattern&#8220; side_padding=&#8220;0&#8243; css=&#8220;.vc_custom_1487347626254{margin-right: 0px !important;margin-left: 0px !important;padding-right: 0px !important;padding-left: 0px !important;}&#8220; el_class=&#8220;addToFooter&#8220;][vc_column css=&#8220;.vc_custom_1483534499075{margin-right: 0px !important;margin-left: 0px !important;padding-right: 0px !important;padding-left: 0px !important;}&#8220; el_class=&#8220;h1Container&#8220;][vc_column_text css=&#8220;.vc_custom_1513689502339{margin-top: 60px !important;margin-right: 0px !important;margin-bottom: 60px !important;margin-left: 0px !important;padding-top: 0px !important;padding-right: 0px !important;padding-left: 0px !important;}&#8220;]<\/p>\n<h1 style=\"text-align: center;\"><strong><span style=\"font-family: Karla, sans-serif;\"><span style=\"color: #ffffff;\">Kontaktieren Sie uns<\/span><\/span><\/strong><strong><span style=\"font-family: Karla, sans-serif;\"><span style=\"color: #ffffff;\">:<\/span> <a href=\"mailto:loslegen@pocketweb.de\"><span style=\"color: #98fc31;\">loslegen@pocketweb.de<\/span><\/a><\/span><\/strong><\/h1>\n<p>[\/vc_column_text][\/vc_column][\/vc_row]<\/p>\n\n\n\n<p><\/p>","protected":false},"excerpt":{"rendered":"<p>[vc_row css_animation=&#8220;&#8220; row_type=&#8220;row&#8220; use_row_as_full_screen_section=&#8220;yes&#8220; type=&#8220;full_width&#8220; angled_section=&#8220;no&#8220; text_align=&#8220;left&#8220; background_image=&#8220;17771&#8243; background_image_as_pattern=&#8220;without_pattern&#8220; background_color=&#8220;#0a0a0a&#8220; side_padding=&#8220;0&#8243; el_class=&#8220;pw_hero_autosize&#8220; css=&#8220;.vc_custom_1483119347226{margin-right: 0px !important;margin-left: 0px !important;padding-right: 0px !important;padding-left: 0px !important;}&#8220;][vc_column el_class=&#8220;columnContainer&#8220; css=&#8220;.vc_custom_1487605108974{margin-right: 0px !important;margin-bottom: 0px !important;margin-left: 0px !important;border-bottom-width: 0px !important;padding-right: 0px !important;padding-bottom: 0px !important;padding-left: 0px !important;}&#8220;][vc_column_text el_class=&#8220;noTypeDark&#8220;] Unsere mobile Kompetenz ist der rote Faden:&#8230;<\/p>\n","protected":false},"author":2,"featured_media":0,"parent":0,"menu_order":0,"comment_status":"open","ping_status":"open","template":"full_width.php","meta":[],"yoast_head":"<!-- This site is optimized with the Yoast SEO plugin v16.1.1 - https:\/\/yoast.com\/wordpress\/plugins\/seo\/ -->\n<title>Loslegen: unser Vorgehen bei Pocketweb<\/title>\n<meta name=\"description\" content=\"Loslegen und fr\u00fchzeitig einen \u00dcberblick der technischen Optionen und der Aufwandskomponenten erhalten. Ihre Basis f\u00fcr die Auswahl des richtigen Partners.\" \/>\n<link rel=\"canonical\" href=\"https:\/\/www.pocketweb.com\/pricing\" \/>\n<meta property=\"og:locale\" content=\"de_DE\" \/>\n<meta property=\"og:type\" content=\"article\" \/>\n<meta property=\"og:title\" content=\"Loslegen: unser Vorgehen bei Pocketweb\" \/>\n<meta property=\"og:description\" content=\"Loslegen und fr\u00fchzeitig einen \u00dcberblick der technischen Optionen und der Aufwandskomponenten erhalten. Ihre Basis f\u00fcr die Auswahl des richtigen Partners.\" \/>\n<meta property=\"og:url\" content=\"https:\/\/www.pocketweb.com\/pricing\" \/>\n<meta property=\"og:site_name\" content=\"Pocketweb\" \/>\n<meta property=\"article:publisher\" content=\"http:\/\/www.facebook.com\/pages\/Pocketweb\/112679875426520?ref=mf\" \/>\n<meta property=\"article:modified_time\" content=\"2021-04-08T23:08:51+00:00\" \/>\n<meta name=\"twitter:label1\" content=\"Gesch\u00e4tzte Lesezeit\">\n\t<meta name=\"twitter:data1\" content=\"2\u00a0Minuten\">\n<script type=\"application\/ld+json\" class=\"yoast-schema-graph\">{\"@context\":\"https:\/\/schema.org\",\"@graph\":[{\"@type\":\"Organization\",\"@id\":\"https:\/\/www.pocketweb.com\/#organization\",\"name\":\"Pocketweb GmbH\",\"url\":\"https:\/\/www.pocketweb.com\/\",\"sameAs\":[\"http:\/\/www.facebook.com\/pages\/Pocketweb\/112679875426520?ref=mf\",\"https:\/\/twitter.com\/pocketweb_tweet\"],\"logo\":{\"@type\":\"ImageObject\",\"@id\":\"https:\/\/www.pocketweb.com\/#logo\",\"inLanguage\":\"de\",\"url\":\"https:\/\/www.pocketweb.com\/wp-content\/uploads\/2014\/07\/pocketweb-logo-72dpi.jpg\",\"contentUrl\":\"https:\/\/www.pocketweb.com\/wp-content\/uploads\/2014\/07\/pocketweb-logo-72dpi.jpg\",\"width\":169,\"height\":33,\"caption\":\"Pocketweb GmbH\"},\"image\":{\"@id\":\"https:\/\/www.pocketweb.com\/#logo\"}},{\"@type\":\"WebSite\",\"@id\":\"https:\/\/www.pocketweb.com\/#website\",\"url\":\"https:\/\/www.pocketweb.com\/\",\"name\":\"Pocketweb\",\"description\":\"App Entwicklung\",\"publisher\":{\"@id\":\"https:\/\/www.pocketweb.com\/#organization\"},\"potentialAction\":[{\"@type\":\"SearchAction\",\"target\":\"https:\/\/www.pocketweb.com\/?s={search_term_string}\",\"query-input\":\"required name=search_term_string\"}],\"inLanguage\":\"de\"},{\"@type\":\"WebPage\",\"@id\":\"https:\/\/www.pocketweb.com\/pricing#webpage\",\"url\":\"https:\/\/www.pocketweb.com\/pricing\",\"name\":\"Loslegen: unser Vorgehen bei Pocketweb\",\"isPartOf\":{\"@id\":\"https:\/\/www.pocketweb.com\/#website\"},\"datePublished\":\"2016-12-30T17:28:13+00:00\",\"dateModified\":\"2021-04-08T23:08:51+00:00\",\"description\":\"Loslegen und fr\\u00fchzeitig einen \\u00dcberblick der technischen Optionen und der Aufwandskomponenten erhalten. Ihre Basis f\\u00fcr die Auswahl des richtigen Partners.\",\"breadcrumb\":{\"@id\":\"https:\/\/www.pocketweb.com\/pricing#breadcrumb\"},\"inLanguage\":\"de\",\"potentialAction\":[{\"@type\":\"ReadAction\",\"target\":[\"https:\/\/www.pocketweb.com\/pricing\"]}]},{\"@type\":\"BreadcrumbList\",\"@id\":\"https:\/\/www.pocketweb.com\/pricing#breadcrumb\",\"itemListElement\":[{\"@type\":\"ListItem\",\"position\":1,\"item\":{\"@type\":\"WebPage\",\"@id\":\"https:\/\/www.pocketweb.com\/\",\"url\":\"https:\/\/www.pocketweb.com\/\",\"name\":\"Home\"}},{\"@type\":\"ListItem\",\"position\":2,\"item\":{\"@type\":\"WebPage\",\"@id\":\"https:\/\/www.pocketweb.com\/pricing\",\"url\":\"https:\/\/www.pocketweb.com\/pricing\",\"name\":\"Pricing\"}}]}]}<\/script>\n<!-- \/ Yoast SEO plugin. -->","_links":{"self":[{"href":"https:\/\/www.pocketweb.com\/de\/wp-json\/wp\/v2\/pages\/17806"}],"collection":[{"href":"https:\/\/www.pocketweb.com\/de\/wp-json\/wp\/v2\/pages"}],"about":[{"href":"https:\/\/www.pocketweb.com\/de\/wp-json\/wp\/v2\/types\/page"}],"author":[{"embeddable":true,"href":"https:\/\/www.pocketweb.com\/de\/wp-json\/wp\/v2\/users\/2"}],"replies":[{"embeddable":true,"href":"https:\/\/www.pocketweb.com\/de\/wp-json\/wp\/v2\/comments?post=17806"}],"version-history":[{"count":46,"href":"https:\/\/www.pocketweb.com\/de\/wp-json\/wp\/v2\/pages\/17806\/revisions"}],"predecessor-version":[{"id":18835,"href":"https:\/\/www.pocketweb.com\/de\/wp-json\/wp\/v2\/pages\/17806\/revisions\/18835"}],"wp:attachment":[{"href":"https:\/\/www.pocketweb.com\/de\/wp-json\/wp\/v2\/media?parent=17806"}],"curies":[{"name":"wp","href":"https:\/\/api.w.org\/{rel}","templated":true}]}}